{"id":1233,"date":"2022-10-28T15:29:38","date_gmt":"2022-10-28T19:29:38","guid":{"rendered":"https:\/\/inti.com.do\/?page_id=1233"},"modified":"2022-10-28T15:35:09","modified_gmt":"2022-10-28T19:35:09","slug":"accesorios-de-hombre","status":"publish","type":"page","link":"https:\/\/inti.com.do\/?page_id=1233","title":{"rendered":"Accesorios de Hombre"},"content":{"rendered":"\t\t<div data-elementor-type=\"wp-page\" data-elementor-id=\"1233\" class=\"elementor elementor-1233\">\n\t\t\t\t\t\t\t\t\t<section class=\"elementor-section elementor-top-section elementor-element elementor-element-de56bef elementor-section-full_width elementor-section-height-min-height elementor-section-items-stretch elementor-section-height-default\" data-id=\"de56bef\" data-element_type=\"section\" data-settings=\"{&quot;background_background&quot;:&quot;classic&quot;,&quot;_ha_eqh_enable&quot;:false}\">\n\t\t\t\t\t\t<div class=\"elementor-container elementor-column-gap-no\">\n\t\t\t\t\t<div class=\"elementor-column elementor-col-100 elementor-top-column elementor-element elementor-element-b96e327\" data-id=\"b96e327\" data-element_type=\"column\" data-settings=\"{&quot;background_background&quot;:&quot;classic&quot;}\">\n\t\t\t<div class=\"elementor-widget-wrap elementor-element-populated\">\n\t\t\t\t\t<div class=\"elementor-background-overlay\"><\/div>\n\t\t\t\t\t\t\t\t<section class=\"elementor-section elementor-inner-section elementor-element elementor-element-9dfab73 elementor-section-boxed elementor-section-height-default elementor-section-height-default\" data-id=\"9dfab73\" data-element_type=\"section\" data-settings=\"{&quot;_ha_eqh_enable&quot;:false}\">\n\t\t\t\t\t\t<div class=\"elementor-container elementor-column-gap-no\">\n\t\t\t\t\t<div class=\"elementor-column elementor-col-50 elementor-inner-column elementor-element elementor-element-c5619ca\" data-id=\"c5619ca\" data-element_type=\"column\">\n\t\t\t<div class=\"elementor-widget-wrap elementor-element-populated\">\n\t\t\t\t\t\t\t\t<div class=\"elementor-element elementor-element-58b37de elementor-widget elementor-widget-heading\" data-id=\"58b37de\" data-element_type=\"widget\" data-widget_type=\"heading.default\">\n\t\t\t\t<div class=\"elementor-widget-container\">\n\t\t\t<style>\/*! elementor - v3.11.1 - 15-02-2023 *\/\n.elementor-heading-title{padding:0;margin:0;line-height:1}.elementor-widget-heading .elementor-heading-title[class*=elementor-size-]>a{color:inherit;font-size:inherit;line-height:inherit}.elementor-widget-heading .elementor-heading-title.elementor-size-small{font-size:15px}.elementor-widget-heading .elementor-heading-title.elementor-size-medium{font-size:19px}.elementor-widget-heading .elementor-heading-title.elementor-size-large{font-size:29px}.elementor-widget-heading .elementor-heading-title.elementor-size-xl{font-size:39px}.elementor-widget-heading .elementor-heading-title.elementor-size-xxl{font-size:59px}<\/style><h2 class=\"elementor-heading-title elementor-size-default\">Accesorios de Hombre<\/h2>\t\t<\/div>\n\t\t\t\t<\/div>\n\t\t\t\t\t<\/div>\n\t\t<\/div>\n\t\t\t\t<div class=\"elementor-column elementor-col-50 elementor-inner-column elementor-element elementor-element-0a3b49f\" data-id=\"0a3b49f\" data-element_type=\"column\">\n\t\t\t<div class=\"elementor-widget-wrap elementor-element-populated\">\n\t\t\t\t\t\t\t\t<div class=\"elementor-element elementor-element-0a48348 elementor-widget-divider--view-line elementor-widget elementor-widget-divider\" data-id=\"0a48348\" data-element_type=\"widget\" data-widget_type=\"divider.default\">\n\t\t\t\t<div class=\"elementor-widget-container\">\n\t\t\t<style>\/*! elementor - v3.11.1 - 15-02-2023 *\/\n.elementor-widget-divider{--divider-border-style:none;--divider-border-width:1px;--divider-color:#2c2c2c;--divider-icon-size:20px;--divider-element-spacing:10px;--divider-pattern-height:24px;--divider-pattern-size:20px;--divider-pattern-url:none;--divider-pattern-repeat:repeat-x}.elementor-widget-divider .elementor-divider{display:flex}.elementor-widget-divider .elementor-divider__text{font-size:15px;line-height:1;max-width:95%}.elementor-widget-divider .elementor-divider__element{margin:0 var(--divider-element-spacing);flex-shrink:0}.elementor-widget-divider .elementor-icon{font-size:var(--divider-icon-size)}.elementor-widget-divider .elementor-divider-separator{display:flex;margin:0;direction:ltr}.elementor-widget-divider--view-line_icon .elementor-divider-separator,.elementor-widget-divider--view-line_text .elementor-divider-separator{align-items:center}.elementor-widget-divider--view-line_icon .elementor-divider-separator:after,.elementor-widget-divider--view-line_icon .elementor-divider-separator:before,.elementor-widget-divider--view-line_text .elementor-divider-separator:after,.elementor-widget-divider--view-line_text .elementor-divider-separator:before{display:block;content:\"\";border-bottom:0;flex-grow:1;border-top:var(--divider-border-width) var(--divider-border-style) var(--divider-color)}.elementor-widget-divider--element-align-left .elementor-divider .elementor-divider-separator>.elementor-divider__svg:first-of-type{flex-grow:0;flex-shrink:100}.elementor-widget-divider--element-align-left .elementor-divider-separator:before{content:none}.elementor-widget-divider--element-align-left .elementor-divider__element{margin-left:0}.elementor-widget-divider--element-align-right .elementor-divider .elementor-divider-separator>.elementor-divider__svg:last-of-type{flex-grow:0;flex-shrink:100}.elementor-widget-divider--element-align-right .elementor-divider-separator:after{content:none}.elementor-widget-divider--element-align-right .elementor-divider__element{margin-right:0}.elementor-widget-divider:not(.elementor-widget-divider--view-line_text):not(.elementor-widget-divider--view-line_icon) .elementor-divider-separator{border-top:var(--divider-border-width) var(--divider-border-style) var(--divider-color)}.elementor-widget-divider--separator-type-pattern{--divider-border-style:none}.elementor-widget-divider--separator-type-pattern.elementor-widget-divider--view-line .elementor-divider-separator,.elementor-widget-divider--separator-type-pattern:not(.elementor-widget-divider--view-line) .elementor-divider-separator:after,.elementor-widget-divider--separator-type-pattern:not(.elementor-widget-divider--view-line) .elementor-divider-separator:before,.elementor-widget-divider--separator-type-pattern:not([class*=elementor-widget-divider--view]) .elementor-divider-separator{width:100%;min-height:var(--divider-pattern-height);-webkit-mask-size:var(--divider-pattern-size) 100%;mask-size:var(--divider-pattern-size) 100%;-webkit-mask-repeat:var(--divider-pattern-repeat);mask-repeat:var(--divider-pattern-repeat);background-color:var(--divider-color);-webkit-mask-image:var(--divider-pattern-url);mask-image:var(--divider-pattern-url)}.elementor-widget-divider--no-spacing{--divider-pattern-size:auto}.elementor-widget-divider--bg-round{--divider-pattern-repeat:round}.rtl .elementor-widget-divider .elementor-divider__text{direction:rtl}.e-con-inner>.elementor-widget-divider,.e-con>.elementor-widget-divider{width:var(--container-widget-width,100%);--flex-grow:var(--container-widget-flex-grow)}<\/style>\t\t<div class=\"elementor-divider\">\n\t\t\t<span class=\"elementor-divider-separator\">\n\t\t\t\t\t\t<\/span>\n\t\t<\/div>\n\t\t\t\t<\/div>\n\t\t\t\t<\/div>\n\t\t\t\t\t<\/div>\n\t\t<\/div>\n\t\t\t\t\t\t\t<\/div>\n\t\t<\/section>\n\t\t\t\t\t<\/div>\n\t\t<\/div>\n\t\t\t\t\t\t\t<\/div>\n\t\t<\/section>\n\t\t\t\t<section class=\"elementor-section elementor-top-section elementor-element elementor-element-29668bf elementor-section-boxed elementor-section-height-default elementor-section-height-default\" data-id=\"29668bf\" data-element_type=\"section\" data-settings=\"{&quot;_ha_eqh_enable&quot;:false}\">\n\t\t\t\t\t\t<div class=\"elementor-container elementor-column-gap-no\">\n\t\t\t\t\t<div class=\"elementor-column elementor-col-100 elementor-top-column elementor-element elementor-element-ad6e22e\" data-id=\"ad6e22e\" data-element_type=\"column\">\n\t\t\t<div class=\"elementor-widget-wrap elementor-element-populated\">\n\t\t\t\t\t\t\t\t<div class=\"elementor-element elementor-element-10cb682 ha-product-grid--classic elementor-widget elementor-widget-ha-product-grid-new happy-addon ha-product-grid-new happy-addon-pro ha-product-grid\" data-id=\"10cb682\" data-element_type=\"widget\" data-widget_type=\"ha-product-grid-new.default\">\n\t\t\t\t<div class=\"elementor-widget-container\">\n\t\t\t\n\t\t\t<article class=\"ha-product-grid__item ast-product-gallery-layout-horizontal-slider ast-product-gallery-with-no-image ast-product-tabs-layout-horizontal product type-product post-1436 status-publish first instock product_cat-accesorios-para-hombres product_cat-mujer has-post-thumbnail shipping-taxable purchasable product-type-simple\">\n\t\t\t\t<div role=\"figure\" class=\"ha-product-grid__img\">\n\t\t\t\t\t<a href=\"https:\/\/inti.com.do\/?product=du-rag-de-colores\" rel=\"bookmark\">\n\t\t\t\t\t\t<img width=\"300\" height=\"300\" src=\"https:\/\/inti.com.do\/wp-content\/uploads\/2022\/11\/px-20b02-300x300.webp\" class=\"attachment-woocommerce_thumbnail size-woocommerce_thumbnail\" alt=\"\" decoding=\"async\" loading=\"lazy\" srcset=\"https:\/\/inti.com.do\/wp-content\/uploads\/2022\/11\/px-20b02-300x300.webp 300w, https:\/\/inti.com.do\/wp-content\/uploads\/2022\/11\/px-20b02-150x150.webp 150w, https:\/\/inti.com.do\/wp-content\/uploads\/2022\/11\/px-20b02-768x771.webp 768w, https:\/\/inti.com.do\/wp-content\/uploads\/2022\/11\/px-20b02-100x100.webp 100w, https:\/\/inti.com.do\/wp-content\/uploads\/2022\/11\/px-20b02.webp 886w\" sizes=\"(max-width: 300px) 100vw, 300px\" \/>\t\t\t\t\t<\/a>\n\n\t\t\t\t\t\t\t\t\t\t\t\t\t\t<\/div>\n\n\t\t\t\t\n\t\t\t\t<h2 class=\"ha-product-grid__title\"><a href=\"https:\/\/inti.com.do\/?product=du-rag-de-colores\" rel=\"bookmark\">Du-Rag de colores<\/a><\/h2>\n\n\t\t\t\t\n\t\t\t\t\t\t\t\t\t\t\t\t\t\t\t<div class=\"ha-product-grid__btns\">\n\t\t\t\t\t\t\t<a href=\"?add-to-cart=1436\" data-quantity=\"1\" class=\"button wp-element-button product_type_simple add_to_cart_button ajax_add_to_cart \" data-product_id=\"1436\" data-product_sku=\"20b02\" aria-label=\"A\u00f1ade &ldquo;Du-Rag de colores&rdquo; a tu carrito\" rel=\"nofollow\">A\u00f1adir a la cotizaci\u00f3n<\/a>\t\t\t\t\t\t<\/div>\n\t\t\t\t\t\t\t\t\t\n\t\t\t<\/article>\n\n\n\t\t\t<article class=\"ha-product-grid__item ast-product-gallery-layout-horizontal-slider ast-product-gallery-with-no-image ast-product-tabs-layout-horizontal product type-product post-1442 status-publish instock product_cat-accesorios-para-hombres product_cat-sombreros product_cat-mujer has-post-thumbnail shipping-taxable purchasable product-type-simple\">\n\t\t\t\t<div role=\"figure\" class=\"ha-product-grid__img\">\n\t\t\t\t\t<a href=\"https:\/\/inti.com.do\/?product=gorras-con-pin-de-metal\" rel=\"bookmark\">\n\t\t\t\t\t\t<img width=\"300\" height=\"300\" src=\"https:\/\/inti.com.do\/wp-content\/uploads\/2022\/11\/px-20b411-300x300.webp\" class=\"attachment-woocommerce_thumbnail size-woocommerce_thumbnail\" alt=\"\" decoding=\"async\" loading=\"lazy\" srcset=\"https:\/\/inti.com.do\/wp-content\/uploads\/2022\/11\/px-20b411-300x300.webp 300w, https:\/\/inti.com.do\/wp-content\/uploads\/2022\/11\/px-20b411-150x150.webp 150w, https:\/\/inti.com.do\/wp-content\/uploads\/2022\/11\/px-20b411-100x100.webp 100w\" sizes=\"(max-width: 300px) 100vw, 300px\" \/>\t\t\t\t\t<\/a>\n\n\t\t\t\t\t\t\t\t\t\t\t\t\t\t<\/div>\n\n\t\t\t\t\n\t\t\t\t<h2 class=\"ha-product-grid__title\"><a href=\"https:\/\/inti.com.do\/?product=gorras-con-pin-de-metal\" rel=\"bookmark\">Gorras con pin de metal<\/a><\/h2>\n\n\t\t\t\t\n\t\t\t\t\t\t\t\t\t\t\t\t\t\t\t<div class=\"ha-product-grid__btns\">\n\t\t\t\t\t\t\t<a href=\"?add-to-cart=1442\" data-quantity=\"1\" class=\"button wp-element-button product_type_simple add_to_cart_button ajax_add_to_cart \" data-product_id=\"1442\" data-product_sku=\"20b411\" aria-label=\"A\u00f1ade &ldquo;Gorras con pin de metal&rdquo; a tu carrito\" rel=\"nofollow\">A\u00f1adir a la cotizaci\u00f3n<\/a>\t\t\t\t\t\t<\/div>\n\t\t\t\t\t\t\t\t\t\n\t\t\t<\/article>\n\n\n\t\t\t<article class=\"ha-product-grid__item ast-product-gallery-layout-horizontal-slider ast-product-gallery-with-no-image ast-product-tabs-layout-horizontal product type-product post-1443 status-publish instock product_cat-accesorios-para-hombres product_cat-sombreros product_cat-mujer has-post-thumbnail shipping-taxable purchasable product-type-simple\">\n\t\t\t\t<div role=\"figure\" class=\"ha-product-grid__img\">\n\t\t\t\t\t<a href=\"https:\/\/inti.com.do\/?product=gorras-rasgadas\" rel=\"bookmark\">\n\t\t\t\t\t\t<img width=\"300\" height=\"300\" src=\"https:\/\/inti.com.do\/wp-content\/uploads\/2022\/11\/px-21a15-300x300.webp\" class=\"attachment-woocommerce_thumbnail size-woocommerce_thumbnail\" alt=\"\" decoding=\"async\" loading=\"lazy\" srcset=\"https:\/\/inti.com.do\/wp-content\/uploads\/2022\/11\/px-21a15-300x300.webp 300w, https:\/\/inti.com.do\/wp-content\/uploads\/2022\/11\/px-21a15-150x150.webp 150w, https:\/\/inti.com.do\/wp-content\/uploads\/2022\/11\/px-21a15-100x100.webp 100w\" sizes=\"(max-width: 300px) 100vw, 300px\" \/>\t\t\t\t\t<\/a>\n\n\t\t\t\t\t\t\t\t\t\t\t\t\t\t<\/div>\n\n\t\t\t\t\n\t\t\t\t<h2 class=\"ha-product-grid__title\"><a href=\"https:\/\/inti.com.do\/?product=gorras-rasgadas\" rel=\"bookmark\">Gorras rasgadas<\/a><\/h2>\n\n\t\t\t\t\n\t\t\t\t\t\t\t\t\t\t\t\t\t\t\t<div class=\"ha-product-grid__btns\">\n\t\t\t\t\t\t\t<a href=\"?add-to-cart=1443\" data-quantity=\"1\" class=\"button wp-element-button product_type_simple add_to_cart_button ajax_add_to_cart \" data-product_id=\"1443\" data-product_sku=\"21a15\" aria-label=\"A\u00f1ade &ldquo;Gorras rasgadas&rdquo; a tu carrito\" rel=\"nofollow\">A\u00f1adir a la cotizaci\u00f3n<\/a>\t\t\t\t\t\t<\/div>\n\t\t\t\t\t\t\t\t\t\n\t\t\t<\/article>\n\n\n\t\t\t<article class=\"ha-product-grid__item ast-product-gallery-layout-horizontal-slider ast-product-gallery-with-no-image ast-product-tabs-layout-horizontal product type-product post-1444 status-publish last instock product_cat-accesorios-para-hombres product_cat-sombreros product_cat-mujer has-post-thumbnail shipping-taxable purchasable product-type-simple\">\n\t\t\t\t<div role=\"figure\" class=\"ha-product-grid__img\">\n\t\t\t\t\t<a href=\"https:\/\/inti.com.do\/?product=gorros-pescadores\" rel=\"bookmark\">\n\t\t\t\t\t\t<img width=\"300\" height=\"300\" src=\"https:\/\/inti.com.do\/wp-content\/uploads\/2022\/11\/px-20b154b-300x300.webp\" class=\"attachment-woocommerce_thumbnail size-woocommerce_thumbnail\" alt=\"\" decoding=\"async\" loading=\"lazy\" srcset=\"https:\/\/inti.com.do\/wp-content\/uploads\/2022\/11\/px-20b154b-300x300.webp 300w, https:\/\/inti.com.do\/wp-content\/uploads\/2022\/11\/px-20b154b-150x150.webp 150w, https:\/\/inti.com.do\/wp-content\/uploads\/2022\/11\/px-20b154b-100x100.webp 100w\" sizes=\"(max-width: 300px) 100vw, 300px\" \/>\t\t\t\t\t<\/a>\n\n\t\t\t\t\t\t\t\t\t\t\t\t\t\t<\/div>\n\n\t\t\t\t\n\t\t\t\t<h2 class=\"ha-product-grid__title\"><a href=\"https:\/\/inti.com.do\/?product=gorros-pescadores\" rel=\"bookmark\">Gorros pescadores<\/a><\/h2>\n\n\t\t\t\t\n\t\t\t\t\t\t\t\t\t\t\t\t\t\t\t<div class=\"ha-product-grid__btns\">\n\t\t\t\t\t\t\t<a href=\"?add-to-cart=1444\" data-quantity=\"1\" class=\"button wp-element-button product_type_simple add_to_cart_button ajax_add_to_cart \" data-product_id=\"1444\" data-product_sku=\"20b154b\" aria-label=\"A\u00f1ade &ldquo;Gorros pescadores&rdquo; a tu carrito\" rel=\"nofollow\">A\u00f1adir a la cotizaci\u00f3n<\/a>\t\t\t\t\t\t<\/div>\n\t\t\t\t\t\t\t\t\t\n\t\t\t<\/article>\n\n\n\t\t\t<article class=\"ha-product-grid__item ast-product-gallery-layout-horizontal-slider ast-product-gallery-with-no-image ast-product-tabs-layout-horizontal product type-product post-1445 status-publish first instock product_cat-accesorios-para-hombres product_cat-sombreros product_cat-mujer has-post-thumbnail shipping-taxable purchasable product-type-simple\">\n\t\t\t\t<div role=\"figure\" class=\"ha-product-grid__img\">\n\t\t\t\t\t<a href=\"https:\/\/inti.com.do\/?product=gorros-pescadores-reversibles\" rel=\"bookmark\">\n\t\t\t\t\t\t<img width=\"300\" height=\"300\" src=\"https:\/\/inti.com.do\/wp-content\/uploads\/2022\/11\/px-20b154b1-300x300.webp\" class=\"attachment-woocommerce_thumbnail size-woocommerce_thumbnail\" alt=\"\" decoding=\"async\" loading=\"lazy\" srcset=\"https:\/\/inti.com.do\/wp-content\/uploads\/2022\/11\/px-20b154b1-300x300.webp 300w, https:\/\/inti.com.do\/wp-content\/uploads\/2022\/11\/px-20b154b1-150x150.webp 150w, https:\/\/inti.com.do\/wp-content\/uploads\/2022\/11\/px-20b154b1-100x100.webp 100w\" sizes=\"(max-width: 300px) 100vw, 300px\" \/>\t\t\t\t\t<\/a>\n\n\t\t\t\t\t\t\t\t\t\t\t\t\t\t<\/div>\n\n\t\t\t\t\n\t\t\t\t<h2 class=\"ha-product-grid__title\"><a href=\"https:\/\/inti.com.do\/?product=gorros-pescadores-reversibles\" rel=\"bookmark\">Gorros pescadores reversibles<\/a><\/h2>\n\n\t\t\t\t\n\t\t\t\t\t\t\t\t\t\t\t\t\t\t\t<div class=\"ha-product-grid__btns\">\n\t\t\t\t\t\t\t<a href=\"?add-to-cart=1445\" data-quantity=\"1\" class=\"button wp-element-button product_type_simple add_to_cart_button ajax_add_to_cart \" data-product_id=\"1445\" data-product_sku=\"20b154b1\" aria-label=\"A\u00f1ade &ldquo;Gorros pescadores reversibles&rdquo; a tu carrito\" rel=\"nofollow\">A\u00f1adir a la cotizaci\u00f3n<\/a>\t\t\t\t\t\t<\/div>\n\t\t\t\t\t\t\t\t\t\n\t\t\t<\/article>\n\n\n\t\t\t<article class=\"ha-product-grid__item ast-product-gallery-layout-horizontal-slider ast-product-tabs-layout-horizontal product type-product post-1180 status-publish instock product_cat-accesorios-para-hombres has-post-thumbnail shipping-taxable purchasable product-type-simple\">\n\t\t\t\t<div role=\"figure\" class=\"ha-product-grid__img\">\n\t\t\t\t\t<a href=\"https:\/\/inti.com.do\/?product=lentes-bikers\" rel=\"bookmark\">\n\t\t\t\t\t\t<img width=\"300\" height=\"300\" src=\"https:\/\/inti.com.do\/wp-content\/uploads\/2022\/10\/cl10728-1-300x300.webp\" class=\"attachment-woocommerce_thumbnail size-woocommerce_thumbnail\" alt=\"\" decoding=\"async\" loading=\"lazy\" srcset=\"https:\/\/inti.com.do\/wp-content\/uploads\/2022\/10\/cl10728-1-300x300.webp 300w, https:\/\/inti.com.do\/wp-content\/uploads\/2022\/10\/cl10728-1-150x150.webp 150w, https:\/\/inti.com.do\/wp-content\/uploads\/2022\/10\/cl10728-1-100x100.webp 100w\" sizes=\"(max-width: 300px) 100vw, 300px\" \/>\t\t\t\t\t<\/a>\n\n\t\t\t\t\t\t\t\t\t\t\t\t\t\t<\/div>\n\n\t\t\t\t\n\t\t\t\t<h2 class=\"ha-product-grid__title\"><a href=\"https:\/\/inti.com.do\/?product=lentes-bikers\" rel=\"bookmark\">Lentes bikers<\/a><\/h2>\n\n\t\t\t\t\n\t\t\t\t\t\t\t\t\t\t\t\t\t\t\t<div class=\"ha-product-grid__btns\">\n\t\t\t\t\t\t\t<a href=\"?add-to-cart=1180\" data-quantity=\"1\" class=\"button wp-element-button product_type_simple add_to_cart_button ajax_add_to_cart \" data-product_id=\"1180\" data-product_sku=\"cl10728\" aria-label=\"A\u00f1ade &ldquo;Lentes bikers&rdquo; a tu carrito\" rel=\"nofollow\">A\u00f1adir a la cotizaci\u00f3n<\/a>\t\t\t\t\t\t<\/div>\n\t\t\t\t\t\t\t\t\t\n\t\t\t<\/article>\n\n\n\t\t\t<article class=\"ha-product-grid__item ast-product-gallery-layout-horizontal-slider ast-product-gallery-with-no-image ast-product-tabs-layout-horizontal product type-product post-1187 status-publish instock product_cat-accesorios-para-hombres has-post-thumbnail shipping-taxable purchasable product-type-simple\">\n\t\t\t\t<div role=\"figure\" class=\"ha-product-grid__img\">\n\t\t\t\t\t<a href=\"https:\/\/inti.com.do\/?product=pulsera-con-tejido\" rel=\"bookmark\">\n\t\t\t\t\t\t<img width=\"300\" height=\"300\" src=\"https:\/\/inti.com.do\/wp-content\/uploads\/2022\/10\/19a161-300x300.webp\" class=\"attachment-woocommerce_thumbnail size-woocommerce_thumbnail\" alt=\"\" decoding=\"async\" loading=\"lazy\" srcset=\"https:\/\/inti.com.do\/wp-content\/uploads\/2022\/10\/19a161-300x300.webp 300w, https:\/\/inti.com.do\/wp-content\/uploads\/2022\/10\/19a161-150x150.webp 150w, https:\/\/inti.com.do\/wp-content\/uploads\/2022\/10\/19a161-100x100.webp 100w\" sizes=\"(max-width: 300px) 100vw, 300px\" \/>\t\t\t\t\t<\/a>\n\n\t\t\t\t\t\t\t\t\t\t\t\t\t\t<\/div>\n\n\t\t\t\t\n\t\t\t\t<h2 class=\"ha-product-grid__title\"><a href=\"https:\/\/inti.com.do\/?product=pulsera-con-tejido\" rel=\"bookmark\">Pulsera con tejido<\/a><\/h2>\n\n\t\t\t\t\n\t\t\t\t\t\t\t\t\t\t\t\t\t\t\t<div class=\"ha-product-grid__btns\">\n\t\t\t\t\t\t\t<a href=\"?add-to-cart=1187\" data-quantity=\"1\" class=\"button wp-element-button product_type_simple add_to_cart_button ajax_add_to_cart \" data-product_id=\"1187\" data-product_sku=\"19a161\" aria-label=\"A\u00f1ade &ldquo;Pulsera con tejido&rdquo; a tu carrito\" rel=\"nofollow\">A\u00f1adir a la cotizaci\u00f3n<\/a>\t\t\t\t\t\t<\/div>\n\t\t\t\t\t\t\t\t\t\n\t\t\t<\/article>\n\n\n\t\t\t<article class=\"ha-product-grid__item ast-product-gallery-layout-horizontal-slider ast-product-gallery-with-no-image ast-product-tabs-layout-horizontal product type-product post-1182 status-publish last instock product_cat-accesorios-para-hombres has-post-thumbnail shipping-taxable purchasable product-type-simple\">\n\t\t\t\t<div role=\"figure\" class=\"ha-product-grid__img\">\n\t\t\t\t\t<a href=\"https:\/\/inti.com.do\/?product=pulsera-de-leon\" rel=\"bookmark\">\n\t\t\t\t\t\t<img width=\"300\" height=\"300\" src=\"https:\/\/inti.com.do\/wp-content\/uploads\/2022\/10\/19a164-300x300.webp\" class=\"attachment-woocommerce_thumbnail size-woocommerce_thumbnail\" alt=\"\" decoding=\"async\" loading=\"lazy\" srcset=\"https:\/\/inti.com.do\/wp-content\/uploads\/2022\/10\/19a164-300x300.webp 300w, https:\/\/inti.com.do\/wp-content\/uploads\/2022\/10\/19a164-150x150.webp 150w, https:\/\/inti.com.do\/wp-content\/uploads\/2022\/10\/19a164-100x100.webp 100w\" sizes=\"(max-width: 300px) 100vw, 300px\" \/>\t\t\t\t\t<\/a>\n\n\t\t\t\t\t\t\t\t\t\t\t\t\t\t<\/div>\n\n\t\t\t\t\n\t\t\t\t<h2 class=\"ha-product-grid__title\"><a href=\"https:\/\/inti.com.do\/?product=pulsera-de-leon\" rel=\"bookmark\">Pulsera de le\u00f3n<\/a><\/h2>\n\n\t\t\t\t\n\t\t\t\t\t\t\t\t\t\t\t\t\t\t\t<div class=\"ha-product-grid__btns\">\n\t\t\t\t\t\t\t<a href=\"?add-to-cart=1182\" data-quantity=\"1\" class=\"button wp-element-button product_type_simple add_to_cart_button ajax_add_to_cart \" data-product_id=\"1182\" data-product_sku=\"19a164\" aria-label=\"A\u00f1ade &ldquo;Pulsera de le\u00f3n&rdquo; a tu carrito\" rel=\"nofollow\">A\u00f1adir a la cotizaci\u00f3n<\/a>\t\t\t\t\t\t<\/div>\n\t\t\t\t\t\t\t\t\t\n\t\t\t<\/article>\n\n\n\t\t\t<article class=\"ha-product-grid__item ast-product-gallery-layout-horizontal-slider ast-product-gallery-with-no-image ast-product-tabs-layout-horizontal product type-product post-1184 status-publish first instock product_cat-accesorios-para-hombres has-post-thumbnail shipping-taxable purchasable product-type-simple\">\n\t\t\t\t<div role=\"figure\" class=\"ha-product-grid__img\">\n\t\t\t\t\t<a href=\"https:\/\/inti.com.do\/?product=pulsera-mixta\" rel=\"bookmark\">\n\t\t\t\t\t\t<img width=\"300\" height=\"300\" src=\"https:\/\/inti.com.do\/wp-content\/uploads\/2022\/10\/19a162-300x300.webp\" class=\"attachment-woocommerce_thumbnail size-woocommerce_thumbnail\" alt=\"\" decoding=\"async\" loading=\"lazy\" srcset=\"https:\/\/inti.com.do\/wp-content\/uploads\/2022\/10\/19a162-300x300.webp 300w, https:\/\/inti.com.do\/wp-content\/uploads\/2022\/10\/19a162-150x150.webp 150w, https:\/\/inti.com.do\/wp-content\/uploads\/2022\/10\/19a162-100x100.webp 100w\" sizes=\"(max-width: 300px) 100vw, 300px\" \/>\t\t\t\t\t<\/a>\n\n\t\t\t\t\t\t\t\t\t\t\t\t\t\t<\/div>\n\n\t\t\t\t\n\t\t\t\t<h2 class=\"ha-product-grid__title\"><a href=\"https:\/\/inti.com.do\/?product=pulsera-mixta\" rel=\"bookmark\">Pulsera mixta<\/a><\/h2>\n\n\t\t\t\t\n\t\t\t\t\t\t\t\t\t\t\t\t\t\t\t<div class=\"ha-product-grid__btns\">\n\t\t\t\t\t\t\t<a href=\"?add-to-cart=1184\" data-quantity=\"1\" class=\"button wp-element-button product_type_simple add_to_cart_button ajax_add_to_cart \" data-product_id=\"1184\" data-product_sku=\"19a162\" aria-label=\"A\u00f1ade &ldquo;Pulsera mixta&rdquo; a tu carrito\" rel=\"nofollow\">A\u00f1adir a la cotizaci\u00f3n<\/a>\t\t\t\t\t\t<\/div>\n\t\t\t\t\t\t\t\t\t\n\t\t\t<\/article>\n\n\t\t<\/div>\n\t\t\t\t<\/div>\n\t\t\t\t\t<\/div>\n\t\t<\/div>\n\t\t\t\t\t\t\t<\/div>\n\t\t<\/section>\n\t\t\t\t\t\t\t<\/div>\n\t\t","protected":false},"excerpt":{"rendered":"<p>Accesorios de Hombre Lentes bikers A\u00f1adir al carrito Pulsera con tejido A\u00f1adir al carrito Pulsera de le\u00f3n A\u00f1adir al carrito Pulsera mixta A\u00f1adir al carrito Pulsera multicolor A\u00f1adir al carrito Pulsera tejida A\u00f1adir al carrito Pulseras con diferentes dijes A\u00f1adir al carrito Pulseras con dijes del mar A\u00f1adir al carrito Pulseras con tigre A\u00f1adir al &hellip;<\/p>\n<p class=\"read-more\"> <a class=\"\" href=\"https:\/\/inti.com.do\/?product=pulsera-mixta\"> <span class=\"screen-reader-text\">Pulsera mixta<\/span> Leer m\u00e1s &raquo;<\/a><\/p>\n","protected":false},"author":1,"featured_media":0,"parent":0,"menu_order":0,"comment_status":"closed","ping_status":"closed","template":"","meta":{"om_disable_all_campaigns":false,"_mi_skip_tracking":false,"site-sidebar-layout":"no-sidebar","site-content-layout":"page-builder","ast-global-header-display":"","ast-main-header-display":"","ast-hfb-above-header-display":"","ast-hfb-below-header-display":"","ast-hfb-mobile-header-display":"","site-post-title":"disabled","ast-breadcrumbs-content":"disabled","ast-featured-img":"disabled","footer-sml-layout":"","theme-transparent-header-meta":"default","adv-header-id-meta":"","stick-header-meta":"","header-above-stick-meta":"","header-main-stick-meta":"","header-below-stick-meta":"","_joinchat":[]},"aioseo_notices":[],"_links":{"self":[{"href":"https:\/\/inti.com.do\/index.php?rest_route=\/wp\/v2\/pages\/1233"}],"collection":[{"href":"https:\/\/inti.com.do\/index.php?rest_route=\/wp\/v2\/pages"}],"about":[{"href":"https:\/\/inti.com.do\/index.php?rest_route=\/wp\/v2\/types\/page"}],"author":[{"embeddable":true,"href":"https:\/\/inti.com.do\/index.php?rest_route=\/wp\/v2\/users\/1"}],"replies":[{"embeddable":true,"href":"https:\/\/inti.com.do\/index.php?rest_route=%2Fwp%2Fv2%2Fcomments&post=1233"}],"version-history":[{"count":7,"href":"https:\/\/inti.com.do\/index.php?rest_route=\/wp\/v2\/pages\/1233\/revisions"}],"predecessor-version":[{"id":1241,"href":"https:\/\/inti.com.do\/index.php?rest_route=\/wp\/v2\/pages\/1233\/revisions\/1241"}],"wp:attachment":[{"href":"https:\/\/inti.com.do\/index.php?rest_route=%2Fwp%2Fv2%2Fmedia&parent=1233"}],"curies":[{"name":"wp","href":"https:\/\/api.w.org\/{rel}","templated":true}]}}